{"id":2,"date":"2021-02-12T15:41:24","date_gmt":"2021-02-12T15:41:24","guid":{"rendered":"https:\/\/agni.pt\/?page_id=2"},"modified":"2025-03-07T08:52:48","modified_gmt":"2025-03-07T08:52:48","slug":"sample-page","status":"publish","type":"page","link":"https:\/\/agni.pt\/index.php\/sample-page\/","title":{"rendered":"O que fazemos"},"content":{"rendered":"\n<p>Sistemas de alarmes anti-intrus\u00e3o<\/p>\n\n\n\n<p>Detec\u00e7\u00e3o t\u00e9cnica de inc\u00eandio e gases perigosos<\/p>\n\n\n\n<p>Sistemas por circuito fechado de v\u00eddeo vigil\u00e2ncia<\/p>\n\n\n\n<p>V\u00eddeos porteiros<\/p>\n\n\n\n<p>Controle de acesso e ponto<\/p>\n\n\n\n<p>Redes Wifi<\/p>\n\n\n\n<p><\/p>\n","protected":false},"excerpt":{"rendered":"<p>Sistemas de alarmes anti-intrus\u00e3o Detec\u00e7\u00e3o t\u00e9cnica de inc\u00eandio e gases perigosos Sistemas por [&hellip;]<\/p>\n","protected":false},"author":1,"featured_media":0,"parent":0,"menu_order":0,"comment_status":"closed","ping_status":"open","template":"","meta":{"footnotes":""},"class_list":["post-2","page","type-page","status-publish","hentry"],"_links":{"self":[{"href":"https:\/\/agni.pt\/index.php\/wp-json\/wp\/v2\/pages\/2","targetHints":{"allow":["GET"]}}],"collection":[{"href":"https:\/\/agni.pt\/index.php\/wp-json\/wp\/v2\/pages"}],"about":[{"href":"https:\/\/agni.pt\/index.php\/wp-json\/wp\/v2\/types\/page"}],"author":[{"embeddable":true,"href":"https:\/\/agni.pt\/index.php\/wp-json\/wp\/v2\/users\/1"}],"replies":[{"embeddable":true,"href":"https:\/\/agni.pt\/index.php\/wp-json\/wp\/v2\/comments?post=2"}],"version-history":[{"count":6,"href":"https:\/\/agni.pt\/index.php\/wp-json\/wp\/v2\/pages\/2\/revisions"}],"predecessor-version":[{"id":113,"href":"https:\/\/agni.pt\/index.php\/wp-json\/wp\/v2\/pages\/2\/revisions\/113"}],"wp:attachment":[{"href":"https:\/\/agni.pt\/index.php\/wp-json\/wp\/v2\/media?parent=2"}],"curies":[{"name":"wp","href":"https:\/\/api.w.org\/{rel}","templated":true}]}}