{"id":6,"date":"2021-02-12T16:29:19","date_gmt":"2021-02-12T16:29:19","guid":{"rendered":"https:\/\/agni.pt\/?page_id=6"},"modified":"2025-03-07T08:54:08","modified_gmt":"2025-03-07T08:54:08","slug":"sobre","status":"publish","type":"page","link":"https:\/\/agni.pt\/index.php\/sobre\/","title":{"rendered":"Sobre n\u00f3s"},"content":{"rendered":"\n<p>Constitu\u00edda em 1998 por profissionais com elevado conhecimento e experi\u00eancia  consolidada por v\u00e1rios anos ligados ao sector da seguran\u00e7a.<\/p>\n\n\n\n<p class=\"has-text-align-left\">Acompanhando desde sempre a evolu\u00e7\u00e3o tecnol\u00f3gica inerente garantimos sempre apresentar a melhor solu\u00e7\u00e3o para proteger pessoas e e bens.<\/p>\n\n\n\n<p><\/p>\n","protected":false},"excerpt":{"rendered":"<p>Constitu\u00edda em 1998 por profissionais com elevado conhecimento e experi\u00eancia consolidada por v\u00e1rios [&hellip;]<\/p>\n","protected":false},"author":1,"featured_media":89,"parent":0,"menu_order":0,"comment_status":"closed","ping_status":"closed","template":"","meta":{"footnotes":""},"class_list":["post-6","page","type-page","status-publish","has-post-thumbnail","hentry"],"_links":{"self":[{"href":"https:\/\/agni.pt\/index.php\/wp-json\/wp\/v2\/pages\/6","targetHints":{"allow":["GET"]}}],"collection":[{"href":"https:\/\/agni.pt\/index.php\/wp-json\/wp\/v2\/pages"}],"about":[{"href":"https:\/\/agni.pt\/index.php\/wp-json\/wp\/v2\/types\/page"}],"author":[{"embeddable":true,"href":"https:\/\/agni.pt\/index.php\/wp-json\/wp\/v2\/users\/1"}],"replies":[{"embeddable":true,"href":"https:\/\/agni.pt\/index.php\/wp-json\/wp\/v2\/comments?post=6"}],"version-history":[{"count":8,"href":"https:\/\/agni.pt\/index.php\/wp-json\/wp\/v2\/pages\/6\/revisions"}],"predecessor-version":[{"id":115,"href":"https:\/\/agni.pt\/index.php\/wp-json\/wp\/v2\/pages\/6\/revisions\/115"}],"wp:featuredmedia":[{"embeddable":true,"href":"https:\/\/agni.pt\/index.php\/wp-json\/wp\/v2\/media\/89"}],"wp:attachment":[{"href":"https:\/\/agni.pt\/index.php\/wp-json\/wp\/v2\/media?parent=6"}],"curies":[{"name":"wp","href":"https:\/\/api.w.org\/{rel}","templated":true}]}}